{"id":54559,"date":"2023-06-05T12:26:09","date_gmt":"2023-06-05T10:26:09","guid":{"rendered":"https:\/\/www.mashup-communications.de\/information-requirements\/"},"modified":"2024-03-26T13:41:37","modified_gmt":"2024-03-26T12:41:37","slug":"information-requirements","status":"publish","type":"page","link":"https:\/\/www.mashup-communications.de\/en\/information-requirements\/","title":{"rendered":"Information Requirements"},"content":{"rendered":"<section class=\"banner wp-block-banner\">\n\t\t<div class=\"banner-wrapper \">\n\t\t<div class=\"container\">\n\t\t\t<div\n\t\t\t\tclass=\"wrapper\">\n\t\t\t\t\t\t\t\t\t<span class=\"above-title\" data-aos=\"fade-up\"><\/span>\n\t\t\t\t\t\t\t\t\t\t\t\t\t<h1 class=\"title\" data-aos=\"fade-up\" data-aos-delay=\"100\">Informationspflichten<\/h1>\n\t\t\t\t\t\t\t\t\t\t\t\t\t<p data-aos=\"fade-up\" data-aos-delay=\"200\"><\/p>\n\t\t\t\t\t\t\t<\/div>\n\t\t<\/div>\n\t\t<div class=\"slope white \">\n                  <svg viewBox=\"0 0 1490 68\" fill=\"none\" xmlns=\"http:\/\/www.w3.org\/2000\/svg\">\n<path fill-rule=\"evenodd\" clip-rule=\"evenodd\" d=\"M1490 68L1490 55.8136L1486.13 55.1211L1486.13 55.1208C1355.98 31.8254 1178.18 9.48101e-05 937.458 7.37656e-05C812.189 6.28141e-05 709.578 9.58334 605.083 19.3425C440.21 34.7407 270.649 50.5767 -7.90776e-05 29.8987L-7.50185e-05 68H1490Z\" fill=\"#181441\"\/>\n<\/svg>            <\/div>\n\t<\/div>\n<\/section>\n\n\n<section class=\"wysiwyg-block white-bg wp-block-wysiwyg\">\n    <div class=\"container\">\n      <div class=\"wysiwyg__wrapper with-slope\">\n        <div class=\"content wysiwyg\">\n          <h4>Informationspflichten bei einer Erhebung von Daten bei Dritten<\/h4>\n<p>1. Name und Kontaktdaten des Verantwortlichen<br \/>\nVerantwortlich f\u00fcr die Datenerhebung ist<br \/>\nMashup Communications GmbH<br \/>\nSch\u00f6nhauser Allee 6-7<br \/>\n10119 Berlin<\/p>\n<p>2. Kontaktdaten des Datenschutzbeauftragten<br \/>\nDataCo GmbH<br \/>\nDachauer Str. 65<br \/>\n80335 M\u00fcnchen<br \/>\nE-Mail: datenschutz@dataguard.de<\/p>\n<p>3. Zwecke und Rechtsgrundlagen der Verarbeitung<br \/>\nZwecke der Verarbeitung:<br \/>\nIhre personenbezogenen Daten werden daf\u00fcr erhoben, um<br \/>\n\u2022 Kundenanfragen zu bearbeiten und Korrespondenzen nachzuverfolgen<br \/>\n\u2022 Kundenkorrespondenzen zu bearbeiten und nachzuverfolgen<br \/>\n\u2022 Bewerberanfragen zu bearbeiten und Korrespondenzen nachzuverfolgen<br \/>\n\u2022 Partneransprachen und -anfragen zu bearbeiten und Korrespondenzen nachzuverfolgen<br \/>\n\u2022 Dienstleisteransprachen und -anfragen zu bearbeiten und Korrespondenzen nachzuverfolgen<br \/>\n\u2022 Korrespondenzen mit Journalisten und Influencern zu bearbeiten und nachzuverfolgen<br \/>\nDie Daten werden auf Grundlage von Art. 6 Abs. 1 S. 1 lit. a, b und c DSGVO verarbeitet.<br \/>\nVerarbeitung auf der Grundlage des berechtigten Interesses<br \/>\nEine Verarbeitung im Rahmen eines berechtigten Interesses, gem. Art. 6 Abs. 1 S.1 lit. f DSGVO erfolgt\u2026<br \/>\n\u2022 bei Daten \u00fcber potenzielle und bestehende Vertragspartner (Kunden, Partner, Mitarbeiter, Dienstleister) w\u00e4hrend einer f\u00fcr Akquisitionsbem\u00fchungen angemessenen Zeit<br \/>\n\u2022 wenn es im Interesse des Empf\u00e4ngers ist, Informationen zu erhalten<\/p>\n<p>4. Kategorien personenbezogener Daten, die verarbeitet werden<br \/>\nFolgende personenbezogene Daten werden verarbeitet:<br \/>\n\u2022 Name, Vorname<br \/>\n\u2022 Kontaktdaten<br \/>\n\u2022 Funktion od. Rolle<\/p>\n<p>5. Empf\u00e4nger oder Kategorien von Empf\u00e4ngern der personenbezogenen Daten<br \/>\nIhre personenbezogenen Daten werden nur im Falle von Bewerbern oder bei Rechtsstreit weitergegeben an:<br \/>\n\u2022 Auftragsverarbeitern, Steuerberater, Anwalt<\/p>\n<p>6. \u00dcbermittlung von personenbezogenen Daten an ein Drittland<br \/>\nEs ist geplant, Ihre personenbezogenen Daten in die USA zu \u00fcbermitteln.<br \/>\nDie Notion Labs, Inc folgt den Anforderungen der DSGVO, sodass das Datenschutzniveau hier vorerst gew\u00e4hrleistet ist: https:\/\/www.notion.so\/security<\/p>\n<p>7. Dauer der Speicherung der personenbezogenen Daten<br \/>\nIhre Daten werden nach der Erhebung bei dem Verantwortlichen so lange gespeichert, wie dies f\u00fcr die jeweilige Aufgabenerf\u00fcllung (Dokumentationspflicht, Korrespondenzen bei langj\u00e4hrigen Berufsbeziehungen) erforderlich ist.<\/p>\n<p>8. Betroffenenrechte<br \/>\nNach der Datenschutz-Grundverordnung stehen Ihnen folgende Rechte zu:<\/p>\n<p>Werden Ihre personenbezogenen Daten verarbeitet, so haben Sie das Recht Auskunft seitens des Verantwortlichen \u00fcber die zu Ihrer Person gespeicherten Daten zu erhalten (Art. 15 DSGVO).<\/p>\n<p>Sollten unrichtige personenbezogene Daten verarbeitet werden, steht Ihnen ein Recht auf Berichtigung zu (Art. 16 DSGVO).<\/p>\n<p>Liegen die gesetzlichen Voraussetzungen vor, so k\u00f6nnen Sie die L\u00f6schung oder Einschr\u00e4nkung der Verarbeitung verlangen sowie Widerspruch gegen die Verarbeitung einlegen (Art. 17, 18 und 21 DSGVO).<br \/>\nWenn Sie in die Datenverarbeitung eingewilligt haben oder ein Vertrag zur Datenverarbeitung besteht und die Datenverarbeitung mithilfe automatisierter Verfahren durchgef\u00fchrt wird, steht Ihnen gegebenenfalls ein Recht auf Daten\u00fcbertragbarkeit zu (Art. 20 DSGVO).<\/p>\n<p>Weiterhin besteht ein Beschwerderecht bei einer Aufsichtsbeh\u00f6rde (Art. 77 DSGVO).<\/p>\n<p>9. Widerrufsrecht bei Einwilligung<br \/>\nWenn Sie der Verarbeitung durch den Verantwortlichen durch eine entsprechende Erkl\u00e4rung eingewilligt haben, k\u00f6nnen Sie die Einwilligung jederzeit f\u00fcr die Zukunft widerrufen. Die Rechtm\u00e4\u00dfigkeit der aufgrund der Einwilligung bis zum Widerruf erfolgten Datenverarbeitung wird durch diesen nicht ber\u00fchrt.<\/p>\n<p>10. Pflicht zur Bereitstellung der Daten<br \/>\nSie sind unter Umst\u00e4nden dazu verpflichtet, Ihre Daten anzugeben. Diese Verpflichtung ergibt sich aus Gesetz und Vertrag.<\/p>\n<p>Wenn Sie die erforderlichen Daten nicht angeben, kann der Vertrag mit Ihnen nicht abgeschlossen<br \/>\nwerden.<\/p>\n<p>11. Quelle, aus der die personenbezogenen Daten stammen<br \/>\nDie personenbezogenen Daten stammen aus folgenden Quellen:<br \/>\n\u2022 E-Mails, die direkt an Mitarbeiter der Mashup Communications GmbH geschickt werden<br \/>\n\u2022 Zimpel<br \/>\n\u2022 Journalistenkontaktdaten aus \u00f6ffentlichen Webseiten der jeweiligen Redaktionen<\/p>\n\n        <\/div>\n      <\/div>\n    <\/div>\n    <div class=\"slope blue \">\n                  <svg viewBox=\"0 0 1490 68\" fill=\"none\" xmlns=\"http:\/\/www.w3.org\/2000\/svg\">\n<path fill-rule=\"evenodd\" clip-rule=\"evenodd\" d=\"M1490 68L1490 55.8136L1486.13 55.1211L1486.13 55.1208C1355.98 31.8254 1178.18 9.48101e-05 937.458 7.37656e-05C812.189 6.28141e-05 709.578 9.58334 605.083 19.3425C440.21 34.7407 270.649 50.5767 -7.90776e-05 29.8987L-7.50185e-05 68H1490Z\" fill=\"#181441\"\/>\n<\/svg>            <\/div>\n  <\/section>\n","protected":false},"excerpt":{"rendered":"","protected":false},"author":6,"featured_media":0,"parent":0,"menu_order":0,"comment_status":"closed","ping_status":"closed","template":"","meta":{"_acf_changed":false,"footnotes":""},"class_list":["post-54559","page","type-page","status-publish","hentry"],"acf":[],"_links":{"self":[{"href":"https:\/\/www.mashup-communications.de\/en\/wp-json\/wp\/v2\/pages\/54559","targetHints":{"allow":["GET"]}}],"collection":[{"href":"https:\/\/www.mashup-communications.de\/en\/wp-json\/wp\/v2\/pages"}],"about":[{"href":"https:\/\/www.mashup-communications.de\/en\/wp-json\/wp\/v2\/types\/page"}],"author":[{"embeddable":true,"href":"https:\/\/www.mashup-communications.de\/en\/wp-json\/wp\/v2\/users\/6"}],"replies":[{"embeddable":true,"href":"https:\/\/www.mashup-communications.de\/en\/wp-json\/wp\/v2\/comments?post=54559"}],"version-history":[{"count":1,"href":"https:\/\/www.mashup-communications.de\/en\/wp-json\/wp\/v2\/pages\/54559\/revisions"}],"predecessor-version":[{"id":54561,"href":"https:\/\/www.mashup-communications.de\/en\/wp-json\/wp\/v2\/pages\/54559\/revisions\/54561"}],"wp:attachment":[{"href":"https:\/\/www.mashup-communications.de\/en\/wp-json\/wp\/v2\/media?parent=54559"}],"curies":[{"name":"wp","href":"https:\/\/api.w.org\/{rel}","templated":true}]}}